{"id":23,"date":"2026-04-09T20:57:36","date_gmt":"2026-04-09T18:57:36","guid":{"rendered":"http:\/\/art-agency.cz\/?page_id=23"},"modified":"2026-04-10T11:44:26","modified_gmt":"2026-04-10T09:44:26","slug":"23-2","status":"publish","type":"page","link":"https:\/\/art-agency.cz\/","title":{"rendered":""},"content":{"rendered":"<section class=\"hero\">\n<h1>Nab\u00edz\u00edme \u017eivou hudbu na svatby a v\u00fdznamn\u00e9 ud\u00e1losti<\/h1>\n<\/section>\n<p>Vyberte si z nab\u00eddky profesion\u00e1ln\u00edch um\u011blc\u016f a dop\u0159ejte sv\u00e9 svatb\u011b \u010di jin\u00e9 v\u00fdjime\u010dn\u00e9 ud\u00e1losti neopakovatelnou atmosf\u00e9ru \u017eiv\u00e9 hudby. Inspirujte se r\u016fzn\u00fdmi n\u00e1strojov\u00fdmi sestavami a poslechn\u011bte si uk\u00e1zky nahr\u00e1vek.<\/p>\n<section class=\"card\">\n<div class=\"card-inner\">\n<div class=\"card-image\"><img decoding=\"async\" src=\"foto\/Wedding Musicians0006_web.jpg\" alt=\"Wedding Music Quartetto\" \/><\/div>\n<div class=\"card-content\">\n<h2>Harfa, fl\u00e9tna, housle, violoncello<\/h2>\n<p>Instrument\u00e1ln\u00ed soubor pro Va\u0161e jedine\u010dn\u00e9 okam\u017eiky.<\/p>\n<div class=\"track\">Johann Pachelbel \u2013 Canon in D<br \/>\n<audio controls=\"controls\"><source src=\"hudba\/1003. Johann Pachelbek Canon in D.m4a\" type=\"audio\/mp4\" \/><\/audio><\/div>\n<\/div>\n<\/div>\n<\/section>\n<section class=\"card\">\n<div class=\"card-inner\">\n<div class=\"card-image\"><img decoding=\"async\" src=\"foto\/Wedding Musicians0003_web.jpg\" alt=\"Wedding Music Trio\" \/><\/div>\n<div class=\"card-content\">\n<h2>Harfa, fl\u00e9tna, violoncello<\/h2>\n<p>Jemn\u00e9 a slavnostn\u00ed instrument\u00e1ln\u00ed obsazen\u00ed pro v\u00fdjime\u010dn\u00e9 chv\u00edle va\u0161eho dne.<\/p>\n<div class=\"track\">Marcel Tournier \u2013\u00a0 Deux preludes romantiques op. 17, II. Tres Lent<br \/>\n<audio controls=\"controls\"><source src=\"hudba\/0203. Marcel Tournier - Deux preludes romantiques op 17, 02 je Tres Lent.m4a\" type=\"audio\/mp4\" \/><\/audio><\/div>\n<\/div>\n<\/div>\n<\/section>\n<section class=\"card\">\n<div class=\"card-inner\">\n<div class=\"card-image\"><img decoding=\"async\" src=\"foto\/Wedding Musicians0001_web.jpg\" alt=\"Wedding Music Harp\" \/><\/div>\n<div class=\"card-content\">\n<h2>Harfa<\/h2>\n<p>And\u011blsk\u00fd zvuk harfy vytvo\u0159\u00ed jemnou a elegantn\u00ed atmosf\u00e9ru pro v\u00e1s i va\u0161e hosty.<\/p>\n<div class=\"track\">Marcel Tournier &#8211; Deux preludes romantiques op. 17, Tres Lent<br \/>\n<audio controls=\"controls\"><source src=\"hudba\/0601. Bed\u0159ich Smetana, Hanu\u0161 Trne\u010dek - Vltava.m4a\" type=\"audio\/mp4\" \/><\/audio><\/div>\n<\/div>\n<\/div>\n<\/section>\n<section class=\"card\">\n<div class=\"card-inner\">\n<div class=\"card-image\"><img decoding=\"async\" src=\"foto\/Wedding Musicians0002_web.jpg\" alt=\"Wedding Music Harp\" \/><\/div>\n<div class=\"card-content\">\n<h2>Harfa, fl\u00e9tna, housle<\/h2>\n<p>Spojen\u00ed t\u0159\u00ed n\u00e1stroj\u016f, kter\u00e9 p\u0159in\u00e1\u0161\u00ed lehkost, eleganci a slavnostn\u00ed n\u00e1ladu.<\/p>\n<div class=\"track\">Alan Menken &#8211; Tale as Old as Time (Beauty and the Beast)<br \/>\n<audio controls=\"controls\"><source src=\"hudba\/1103. Alan Menken - Tale as Old as Time (Beauty and the Beast).m4a\" type=\"audio\/mp4\" \/><\/audio><\/div>\n<\/div>\n<\/div>\n<\/section>\n<section id=\"kontakt\" class=\"contact\">\n<h2>Po\u0161lete n\u00e1m popt\u00e1vku nebo dotaz<\/h2>\n<form action=\"https:\/\/formspree.io\/f\/xaqlgwnz\" method=\"POST\"><input name=\"name\" required=\"\" type=\"text\" placeholder=\"Va\u0161e jm\u00e9no\" \/><br \/>\n<input name=\"email\" required=\"\" type=\"email\" placeholder=\"Email\" \/><br \/>\n<textarea name=\"message\" required=\"\" placeholder=\"Va\u0161e zpr\u00e1va\"><\/textarea><br \/>\n<button type=\"submit\">Odeslat<\/button><\/form>\n<\/section>\n","protected":false},"excerpt":{"rendered":"<p>Nab\u00edz\u00edme \u017eivou hudbu na svatby a v\u00fdznamn\u00e9 ud\u00e1losti Vyberte si z nab\u00eddky profesion\u00e1ln\u00edch um\u011blc\u016f a dop\u0159ejte sv\u00e9 svatb\u011b \u010di jin\u00e9 v\u00fdjime\u010dn\u00e9 ud\u00e1losti neopakovatelnou atmosf\u00e9ru \u017eiv\u00e9 hudby. Inspirujte se r\u016fzn\u00fdmi n\u00e1strojov\u00fdmi sestavami a poslechn\u011bte si uk\u00e1zky nahr\u00e1vek. Harfa, fl\u00e9tna, housle, violoncello Instrument\u00e1ln\u00ed soubor pro Va\u0161e jedine\u010dn\u00e9 okam\u017eiky. Johann Pachelbel \u2013 Canon in D Harfa, fl\u00e9tna, violoncello [&hellip;]<\/p>\n","protected":false},"author":1,"featured_media":0,"parent":0,"menu_order":0,"comment_status":"closed","ping_status":"closed","template":"page-template-blank.php","meta":{"_et_pb_use_builder":"off","_et_pb_old_content":"<section class=\"hero\">\n<h1>Nab\u00edz\u00edme \u017eivou hudbu na svatby a v\u00fdznamn\u00e9 ud\u00e1losti<\/h1>\n<\/section>Vyberte si z nab\u00eddky profesion\u00e1ln\u00edch um\u011blc\u016f a prom\u011b\u0148te svou v\u00fdjime\u010dnou ud\u00e1lost v nezapomenuteln\u00fd z\u00e1\u017eitek prost\u0159ednictv\u00edm nejkr\u00e1sn\u011bj\u0161\u00ed hudby v\u0161ech dob. M\u016f\u017eete se inspirovat r\u016fzn\u00fdm seskupen\u00edm n\u00e1stroj\u016f a poslechnout si uk\u00e1zky nahr\u00e1vek.\n\n<section class=\"card\">\n<div class=\"card-inner\">\n<div class=\"card-image\">\n      <img src=\"foto\/Wedding Musicians0006_web.jpg\" alt=\"Wedding Music Quartetto\"><\/div>\n<div class=\"card-content\">\n<h2>Harfa, fl\u00e9tna, housle, violoncello<\/h2>\nInstrument\u00e1ln\u00ed soubor pro Va\u0161e jedine\u010dn\u00e9 chv\u00edle.\n<div class=\"track\">\n        <span>Johann Pachelbel \u2013 Canon in D<\/span>\n<audio controls=\"\"><source src=\"hudba\/1003. Johann Pachelbek Canon in D.m4a\" type=\"audio\/mp4\"><\/audio><\/div>\n<\/div>\n<\/div>\n<\/section>\n<section class=\"card\">\n<div class=\"card-inner\">\n<div class=\"card-image\">\n      <img src=\"foto\/Wedding Musicians0003_web.jpg\" alt=\"Wedding Music Trio\"><\/div>\n<div class=\"card-content\">\n<h2>Harfa, Cello, a Fl\u00e9tna<\/h2>\nPln\u00fd instrument\u00e1ln\u00ed soubor pro Va\u0161e jidine\u010dn\u00e9 chv\u00edle.\n<div class=\"track\">\n        <span>Marcel Tournier - Deux preludes romantiques op 17, 02 je Tres Lent<\/span>\n<audio controls=\"\"><source src=\"hudba\/0203. Marcel Tournier - Deux preludes romantiques op 17, 02 je Tres Lent.m4a\" type=\"audio\/mp4\"><\/audio><\/div>\n<\/div>\n<\/div>\n<\/section>\n<section class=\"card\">\n<div class=\"card-inner\">\n<div class=\"card-image\">\n      <img src=\"foto\/Wedding Musicians0001_web.jpg\" alt=\"Wedding Music Harp\"><\/div>\n<div class=\"card-content\">\n<h2>Harfa<\/h2>\nAnd\u011blsk\u00e1 harfa doprovazej\u00edc\u00ed V\u00e1s a Va\u0161e hosty cel\u00fd ve\u010der.\n<div class=\"track\">\n        <span>Marcel Tournier - Deux preludes romantiques op 17, 02 je Tres Lent<\/span>\n<audio controls=\"\"><source src=\"hudba\/0601. Bed\u0159ich Smetana, Hanu\u0161 Trne\u010dek - Vltava.m4a\" type=\"audio\/mp4\"><\/audio><\/div>\n<\/div>\n<\/div>\n<\/section>\n<section class=\"card\">\n<div class=\"card-inner\">\n<div class=\"card-image\">\n      <img src=\"foto\/Wedding Musicians0002_web.jpg\" alt=\"Wedding Music Harp\"><\/div>\n<div class=\"card-content\">\n<h2>Harfa, Housle, Fl\u00e9tna<\/h2>\nKombinace n\u00e1stroj\u016f, kter\u00e1 pot\u011b\u0161\u00ed ka\u017edou du\u0161i.\n<div class=\"track\">\n        <span> Alan Menken - Tale as Old as Time (Beauty and the Beast)<\/span>\n<audio controls=\"\"><source src=\"hudba\/1103. Alan Menken - Tale as Old as Time (Beauty and the Beast).m4a\" type=\"audio\/mp4\"><\/audio><\/div>\n<\/div>\n<\/div>\n<\/section>\n<section id=\"kontakt\" class=\"contact\">\n<h2>Odeslat popt\u00e1vku nebo polo\u017eit dotaz<\/h2>\n<form action=\"https:\/\/formspree.io\/f\/xaqlgwnz\" method=\"POST\">\n    <input type=\"text\" name=\"name\" placeholder=\"Va\u0161e jm\u00e9no\" required=\"\">\n<input type=\"email\" name=\"email\" placeholder=\"Email\" required=\"\">\n<textarea name=\"message\" placeholder=\"Va\u0161e zpr\u00e1va\" required=\"\"><\/textarea>\n<button type=\"submit\">Odeslat<\/button>\n<\/form>\n<\/section>","_et_gb_content_width":"1080"},"_links":{"self":[{"href":"https:\/\/art-agency.cz\/index.php\/wp-json\/wp\/v2\/pages\/23"}],"collection":[{"href":"https:\/\/art-agency.cz\/index.php\/wp-json\/wp\/v2\/pages"}],"about":[{"href":"https:\/\/art-agency.cz\/index.php\/wp-json\/wp\/v2\/types\/page"}],"author":[{"embeddable":true,"href":"https:\/\/art-agency.cz\/index.php\/wp-json\/wp\/v2\/users\/1"}],"replies":[{"embeddable":true,"href":"https:\/\/art-agency.cz\/index.php\/wp-json\/wp\/v2\/comments?post=23"}],"version-history":[{"count":17,"href":"https:\/\/art-agency.cz\/index.php\/wp-json\/wp\/v2\/pages\/23\/revisions"}],"predecessor-version":[{"id":79,"href":"https:\/\/art-agency.cz\/index.php\/wp-json\/wp\/v2\/pages\/23\/revisions\/79"}],"wp:attachment":[{"href":"https:\/\/art-agency.cz\/index.php\/wp-json\/wp\/v2\/media?parent=23"}],"curies":[{"name":"wp","href":"https:\/\/api.w.org\/{rel}","templated":true}]}}